{"id":24,"date":"2012-10-12T16:14:59","date_gmt":"2012-10-12T13:14:59","guid":{"rendered":"https:\/\/www.primariaromanasi.ro\/?page_id=24"},"modified":"2013-04-05T12:14:14","modified_gmt":"2013-04-05T09:14:14","slug":"poarta-salajului","status":"publish","type":"page","link":"https:\/\/www.primariaromanasi.ro\/?page_id=24","title":{"rendered":"Poarta Salajului"},"content":{"rendered":"<p><b>Poarta S\u0103lajului<\/b>, mai demult <i>Va\u0219cap\u0103u<\/i> (\u00een <a title=\"Limba maghiar\u0103\" href=\"https:\/\/ro.wikipedia.org\/wiki\/Limba_maghiar%C4%83\">maghiar\u0103<\/a> <i>Vaskapu<\/i>, \u00een traducere \u201ePoarta de Fier\u201d), este o localitate \u00een <a title=\"Jude\u021bul S\u0103laj\" href=\"https:\/\/ro.wikipedia.org\/wiki\/Jude%C8%9Bul_S%C4%83laj\">jude\u021bul S\u0103laj<\/a>, <a title=\"Transilvania\" href=\"https:\/\/ro.wikipedia.org\/wiki\/Transilvania\">Transilvania<\/a>, <a title=\"Rom\u00e2nia\" href=\"https:\/\/ro.wikipedia.org\/wiki\/Rom%C3%A2nia\">Rom\u00e2nia<\/a>.<\/p>\n<p>Geografie<\/p>\n<h3>\u00a0A\u0219ezare<\/h3>\n<p>Cu o suprafa\u021b\u0103 de 814,34 hectare, localitatea Poarta S\u0103lajului este a\u0219ezat\u0103 \u00een partea de sud a jude\u021bului S\u0103laj \u0219i face parte din comuna Rom\u00e2na\u0219i, care include \u00een teritoriul s\u0103u administrativ \u0219ase localit\u0103\u021bi: Rom\u00e2na\u0219i, Poarta S\u0103lajului, Cium\u0103rna, P\u0103u\u0219a, Romi\u021ba si Chichi\u0219a.<\/p>\n<p>Satul Poarta S\u0103lajului este a\u0219ezat de-a lungul drumului na\u021bional <a title=\"DN1F\" href=\"https:\/\/ro.wikipedia.org\/wiki\/DN1F\">DN1F<\/a> cuprins \u00een culoarul european <a title=\"E81\" href=\"https:\/\/ro.wikipedia.org\/wiki\/E81\">E81<\/a>, \u00eentre <a title=\"Cluj-Napoca\" href=\"https:\/\/ro.wikipedia.org\/wiki\/Cluj-Napoca\">Cluj<\/a> \u0219i <a title=\"Zal\u0103u\" href=\"https:\/\/ro.wikipedia.org\/wiki\/Zal%C4%83u\">Zal\u0103u<\/a> la o dep\u0103rtare de 22 km de Zal\u0103u, re\u0219edin\u021ba de jude\u021b, \u0219i 63 km de Cluj.<\/p>\n<h4>Vecini<\/h4>\n<p>\u00cen partea de nord, satul se \u00eenvecineaz\u0103 cu satul <a title=\"Rom\u00e2na\u0219i, S\u0103laj\" href=\"https:\/\/ro.wikipedia.org\/wiki\/Rom%C3%A2na%C8%99i,_S%C4%83laj\">Rom\u00e2na\u0219i<\/a>, la est cu <a title=\"Hida, S\u0103laj\" href=\"https:\/\/ro.wikipedia.org\/wiki\/Hida,_S%C4%83laj\">Hida<\/a>, la vest cu <a title=\"P\u0103u\u0219a, S\u0103laj\" href=\"https:\/\/ro.wikipedia.org\/wiki\/P%C4%83u%C8%99a,_S%C4%83laj\">P\u0103u\u0219a<\/a>, iar la sud cu satul <a title=\"S\u00e2nmihaiu Alma\u0219ului, S\u0103laj\" href=\"https:\/\/ro.wikipedia.org\/wiki\/S%C3%A2nmihaiu_Alma%C8%99ului,_S%C4%83laj\">S\u00e2nmihaiu Alma\u0219ului<\/a>. Satele S\u0103nmihaiul Alma\u0219ului \u0219i Hida sunt delimitate de satul Poarta S\u0103lajului \u0219i de hotarul \u00eemp\u0103durit format de p\u0103durile Gorgana \u0219i Jern\u0103u. \u00cen partea de nord este delimitat de dealul Buda \u0219i lunca format\u0103 de <a title=\"R\u00e2ul Agrij\" href=\"https:\/\/ro.wikipedia.org\/wiki\/R%C3%A2ul_Agrij\">valea Agrijului<\/a> cu \u0219esurile Va\u0219cap\u0103u, Lab \u0219i Rona.<\/p>\n<h3>Relief<\/h3>\n<p>Teritoriul localit\u0103\u021bii este plasat la extremitatea de vest a <a title=\"Depresiunea Alma\u0219-Agrij\" href=\"https:\/\/ro.wikipedia.org\/wiki\/Depresiunea_Alma%C8%99-Agrij\">Depresiunii Alma\u0219-Agrij<\/a>, depresiune m\u0103rginit\u0103 la nord de <a title=\"Mun\u021bii Mese\u0219\" href=\"https:\/\/ro.wikipedia.org\/wiki\/Mun%C8%9Bii_Mese%C8%99\">Mun\u021bii Mese\u0219<\/a>. Din punct de vedere geo-morfologic predomin\u0103 <a title=\"Deal\" href=\"https:\/\/ro.wikipedia.org\/wiki\/Deal\">dealurile<\/a> care sunt fragmentate de <a title=\"Vale\" href=\"https:\/\/ro.wikipedia.org\/wiki\/Vale\">v\u0103i<\/a> ad\u00e2nci, aici \u00eent\u00e2lnindu-se urm\u0103toarele unit\u0103\u021bi de relief: dealuri, terase, lunci. Dealurile predomin\u0103 ca suprafa\u021b\u0103 av\u00e2nd o altitudine de 325 m, cu un aspect semicircular orientat pe direc\u021bia N-E, S-V. Luncile \u0219i terasele cuprinse \u00een acest culoar cu o deschiz\u0103tur\u0103 maxim\u0103 de 500-1000 m \u00een zona cuprins\u0103 \u00eentre Poarta S\u0103lajului-Rom\u00e2na\u0219i-P\u0103u\u0219a reprezint\u0103 cele mai bune terenuri agricole.<\/p>\n<h3>Hidrografie<\/h3>\n<p>Teritoriul apar\u021bine din punct de vedere hidrografic bazinului <a title=\"Some\u0219\" href=\"https:\/\/ro.wikipedia.org\/wiki\/Some%C8%99\">Some\u0219ului<\/a>, colector principal fiind <a title=\"R\u00e2ul Agrij\" href=\"https:\/\/ro.wikipedia.org\/wiki\/R%C3%A2ul_Agrij\">r\u00e2ul Agrij<\/a> care are un curs sinuos \u0219i o vale par\u021bial neregulat\u0103, din care cauz\u0103 \u00een mai multe r\u00e2nduri au fost inundate mari suprafe\u021be agricole.<\/p>\n<p>Pe raza satului Poarta S\u0103lajului, Agrijul are ca afluent Valea Rastol\u021bului (Pustii), care trece prin partea vestic\u0103 a satului. <a title=\"R\u00e2ul R\u0103stol\u021b\" href=\"https:\/\/ro.wikipedia.org\/wiki\/R%C3%A2ul_R%C4%83stol%C8%9B\">R\u0103stol\u021bul<\/a> are un debit sc\u0103zut \u00een timpul verii \u0219i al iernii \u00een timp ce prim\u0103vara \u0219i toamna are un debit destul de mare \u0219i uneori produce inunda\u021bii \u00een zona f\u00e2ne\u021belor.<\/p>\n<h3>Clim\u0103<\/h3>\n<p>Av\u00e2nd \u00een vedere a\u0219ezarea geografic\u0103, apele \u0219i relieful, clima satului Poarta S\u0103lajului este specific\u0103 zonelor de deal. Temperaturile cele mai ridicate se \u00eenregistreaz\u0103 \u00een luna iulie ajung\u00e2nd p\u00e2n\u0103 la 38\u00a0\u00b0C, temperatura minim\u0103 absolut\u0103, \u221232\u00a0\u00b0C, \u00eenregistr\u00e2ndu-se la 25 ianuarie 1954.<\/p>\n<p>\u00cen bazinul V\u0103ii Agrijului prima zi de \u00eenghe\u021b are loc \u00een jurul datei de 20 octombrie, iar ultima zi de \u00eenghe\u021b \u00een jurul datei de 10 aprilie. Data medie a primei z\u0103pezii este 10 noiembrie iar a ultimei zile cu z\u0103pad\u0103 1 aprilie; \u00eens\u0103, \u00een ultimii ani<sup>[<i><a title=\"Wikipedia:Manual de stil (date \u0219i numere)\" href=\"https:\/\/ro.wikipedia.org\/wiki\/Wikipedia:Manual_de_stil_(date_%C8%99i_numere)#Specificarea_precis.C4.83\">C\u00e2nd?<\/a><\/i>]<\/sup>, datorit\u0103 schimb\u0103rilor de clim\u0103 care se manifest\u0103, z\u0103pezile \u00eencep sa fie tot mai rare.<\/p>\n<p>Un factor hot\u0103r\u00e2tor prim\u0103vara \u00eel are curentul rece care vine dinspre muntele <a title=\"Mun\u021bii Vl\u0103deasa\" href=\"https:\/\/ro.wikipedia.org\/wiki\/Mun%C8%9Bii_Vl%C4%83deasa\">Vl\u0103deasa<\/a>; \u00een fiecare an produce pagube agriculturii dar mai ales pomiculturii.<\/p>\n<h2>Istorie<\/h2>\n<p>Satul Poarta S\u0103lajului fiind a\u0219ezat \u00een imediata apropiere a drumului care face leg\u0103tura dintre Zal\u0103u \u0219i Cluj, iar \u00een vechime faimosul drum al lui <a title=\"Traian\" href=\"https:\/\/ro.wikipedia.org\/wiki\/Traian\">Traian<\/a> care pornea de la <a title=\"Napoca\" href=\"https:\/\/ro.wikipedia.org\/wiki\/Napoca\">Napoca<\/a> spre <a title=\"Porolissum\" href=\"https:\/\/ro.wikipedia.org\/wiki\/Porolissum\">Porolissum<\/a>, astfel c\u0103 din punct de vedere istoric prezint\u0103 un trecut cel pu\u021bin legendar.<\/p>\n<p>Din monografia \u00een limba maghiar\u0103 a jude\u021bului S\u0103laj scris\u0103 de <a title=\"Petri M\u00f3r\" href=\"https:\/\/ro.wikipedia.org\/wiki\/Petri_M%C3%B3r\">Petri M\u00f3r<\/a> reiese c\u0103 prima datare oficial\u0103 apare \u00een <a title=\"1525\" href=\"https:\/\/ro.wikipedia.org\/wiki\/1525\">1525<\/a> sub denumirea de <i>Waskapw<\/i> cea ce \u00een traducere \u00een limba rom\u00e2n\u0103 \u00eenseamn\u0103 <i>Poarta de Fier<\/i>.<\/p>\n<p>\u00cen vremurile trecute legenda sus\u021bine c\u0103 la locul numit &#8220;R\u00e2tul Brebilor&#8221; existau por\u021bi de fier , care dup\u0103 1 decembrie <a title=\"1918\" href=\"https:\/\/ro.wikipedia.org\/wiki\/1918\">1918<\/a> au fost distruse \u0219i aruncate intr-un lac din apropiere numit &#8220;D\u00e2lboaca&#8221;.<\/p>\n<p>Satul Poarta S\u0103lajului din punct de vedere administrativ a apar\u021binut <i>comitatului D\u0103b\u00e2ca<\/i> .<\/p>\n<p>\u00cenainte de <a title=\"1525\" href=\"https:\/\/ro.wikipedia.org\/wiki\/1525\">1525<\/a> satul a apar\u021binut familiei Dobocai fiind primit de la <a title=\"Matei Corvin\" href=\"https:\/\/ro.wikipedia.org\/wiki\/Matei_Corvin\">Matei Corvin<\/a>. \u00cen <a title=\"1527\" href=\"https:\/\/ro.wikipedia.org\/wiki\/1527\">1527<\/a> apar\u021binea lui Dobocai Ferencz, pentru ca \u00een <a title=\"1558\" href=\"https:\/\/ro.wikipedia.org\/wiki\/1558\">1558<\/a> regina Izabella s\u0103 doneze mo\u0219ia de la Poarta de Fier familiei Banfi Pall. \u00cen <a title=\"1602\" href=\"https:\/\/ro.wikipedia.org\/wiki\/1602\">1602<\/a> Poarta de Fier apar\u021bine lui Gheorghe Ba\u0219ta iar in 26.09.<a title=\"1672\" href=\"https:\/\/ro.wikipedia.org\/wiki\/1672\">1672<\/a> mo\u0219ia de la Poarta de Fier trece in posesia lui Szentivamyr Samuel.<\/p>\n<p>\u00cen lucr\u0103rile monografice de la \u00eenceputul <a title=\"Secolului al XX-lea\" href=\"https:\/\/ro.wikipedia.org\/wiki\/Secolului_al_XX-lea\">secolului al XX-lea<\/a> se mentioneaza: Va\u0219cap\u0103u este un sat mic a\u0219ezat \u00eenspre marginea de r\u0103s\u0103rit a <i>comitatului S\u0103laj<\/i> \u0219i din vremurile cele mai vechi a fost locuit numai de rom\u00e2ni. Poporul poveste\u0219te c\u0103 pe locul acesta a fost a\u0219ezat mai demult satul <a title=\"Cium\u0103rna, S\u0103laj\" href=\"https:\/\/ro.wikipedia.org\/wiki\/Cium%C4%83rna,_S%C4%83laj\">Cium\u0103rna<\/a>.<\/p>\n<p>\u00cen afar\u0103 de \u0219tirile scrise este cunoscut faptul c\u0103 la o distan\u021b\u0103 de 15 m. de \u0219oseaua na\u021bional\u0103 <a title=\"DN1F\" href=\"https:\/\/ro.wikipedia.org\/wiki\/DN1F\">DN1F<\/a> trecea drumul lui <a title=\"Traian\" href=\"https:\/\/ro.wikipedia.org\/wiki\/Traian\">Traian<\/a>. \u00cen <i>Tabula pentigerian\u0103<\/i> se vede clar cum acest drum venea de la Napoca \u0219i mergea prin Largiana (Rom\u00e2na\u0219i) spre Porolissum. Urme din acest drum, care \u00een totalitate e acoperit, se scot la iveal\u0103 (blocuri mari de piatr\u0103) cu prilejul s\u0103p\u0103turilor.<\/p>\n<p>\u00cen hotarul satului se afl\u0103 un deal ple\u0219 care domin\u0103 zona, numit Tabara unde pe vremuri imemorabile sus\u021bine legenda c\u0103 a poposit \u00eemparatul Traian. Din discu\u021biile purtate cu istoricul <a title=\"Gra\u021bian Marcus \u2014 pagin\u0103 inexistent\u0103\" href=\"https:\/\/ro.wikipedia.org\/w\/index.php?title=Gra%C8%9Bian_Marcus&amp;action=edit&amp;redlink=1\">Gra\u021bian Marcus<\/a> reiese ca a poposit \u00een august <a title=\"1601\" href=\"https:\/\/ro.wikipedia.org\/wiki\/1601\">1601<\/a> \u0219i <a title=\"Mihai Viteazul\" href=\"https:\/\/ro.wikipedia.org\/wiki\/Mihai_Viteazul\">Mihai Viteazul<\/a> o noapte, \u00een drumul s\u0103u spre Cluj pe acest deal.<\/p>\n<p>\u00cen acela\u0219i loc \u00een august <a title=\"1849\" href=\"https:\/\/ro.wikipedia.org\/wiki\/1849\">1849<\/a> au fost cantonate pentru un scurt timp armatele \u021bariste. Legenda sus\u021bine c\u0103 un ofi\u021ber rus a \u00eengropat o comoar\u0103, lucru care nu a putut fi dovedit de s\u0103p\u0103turile efectuate de-a lungul timpului.<\/p>\n<p>Locuitorul Buruian Traian sus\u021bine c\u0103 satul de azi a fost \u00eentemeiat de circa 200 de ani(in forma \u00een care este acum), iar locuitorii au venit din locul numit Puste din apropierea V\u0103ii Agrijului, ca urmare a deselor inunda\u021bii provocate de acest r\u00e2u.<\/p>\n<p>De-a lungul drumului Cluj-Zal\u0103u au fost mai \u00eentai \u0219apte case care erau \u0219i c\u00e2rciumi , \u00een grai local fog\u0103dau\u0103, fapt pentru care satul a fost cunoscut sub numele Fog\u0103dau\u0103 , nume folosit \u0219i ast\u0103zi de c\u0103tre locuitorii din \u00eentraga zon\u0103. De asemenea acest lucru se reflect\u0103 \u0219i \u00een numele c\u00e2torva familii vechi din Poarta S\u0103lajului.<\/p>\n<p>Se \u0219tiu \u0219i ast\u0103zi numele proprietarilor \u0219i locul unde erau a\u0219ezate, asfel c\u0103 s-a putut identifica \u00een teren locul acestora dupa cum urmeaz\u0103:<\/p>\n<ul>\n<li>I. Klein Ianula \u2013azi locuin\u021ba lui Curea Alexandru<\/li>\n<li>II. Simion Maritz-azi locuin\u021ba lui Curea Traian<\/li>\n<li>III.Gavril\u0103 lui Ilie din Bercea-azi locuin\u021ba lui Curea Ioni\u021b\u0103<\/li>\n<li>IV.Klein Aradin din P\u0103u\u0219a -azi locuin\u021ba lui Moise Vasile- Picherul<\/li>\n<li>V. Rus Gavril\u0103-azi locuin\u021ba lui Rus Todorel<\/li>\n<li>VI. Corb Nichita -azi locuin\u021ba lui Corb Maria<\/li>\n<li>VII. Ghidali -azi locuin\u021ba lui St\u0103nean Alexandru<\/li>\n<\/ul>\n<p>Datele orale \u0219i tradi\u021bia dovedesc c\u0103 aceast\u0103 localitate avea o importan\u021b\u0103 strategic\u0103 deosebit\u0103 din punct de vedere al c\u0103ilor de comunica\u021bii \u0219i al transporturilor de m\u0103rfuri. Este clar c\u0103 \u00een vechime Drumul lui Traian asigura comunica\u021biile spre Porolissum , iar mai t\u00e2rziu pe aici au trcut \u00een <a title=\"1601\" href=\"https:\/\/ro.wikipedia.org\/wiki\/1601\">1601<\/a> Mihai Viteazul, \u00een <a title=\"1849\" href=\"https:\/\/ro.wikipedia.org\/wiki\/1849\">1849<\/a> trupele \u021bariste \u00cen octombrie 1944 satul a devenit teatrul luptelor dintre armata rom\u00e2n\u0103 \u0219i trupele naziste \u0219i hortiste. Eroi necunoscu\u021bi au r\u0103mas aici \u00een \u021b\u0103r\u00e2na hotarului, iar \u00een curtea bisericii de lemn a fost \u00eenmorm\u00e2ntat eroul Alexandru Todea.<\/p>\n<h2>Toponime<\/h2>\n<p>Un m\u0103r\u0103cini\u0219 pe numele de M\u00e2njele. P\u0103duri: P\u0103\u0219uet, (Pti\u0219cu\u021ba) Chi\u0219cu\u021ba?, Muncei. Paji\u0219ti \u0219i terenuri arabile: Unghiul Mare, Tab\u0103ra, R\u00eetul Brebilor, Pusta, Sor\u021bi, Boi\u0219te, Valea P\u0103u\u0219ei, \u00een marginea Sor\u021bi. F\u00e2nt\u00e2ni: F\u00e2nt\u00e2na Alb\u0103, \u00een Pti\u0219cu\u021ba era F\u00e2nt\u00e2na Boilor, \u00een Muncei F\u00e2nt\u00e2na cea Bun\u0103, \u00een Tab\u0103ra, F\u00e2nt\u00e2na Taberei. Denumirea actual\u0103 de Poarta S\u0103lajului a fost dat\u0103 de prefectul jude\u021bului S\u0103laj Eugen Chi\u0219 \u00een <a title=\"1946\" href=\"https:\/\/ro.wikipedia.org\/wiki\/1946\">1946<\/a>, dar \u00een grai local satul continu\u0103 s\u0103 fie numit Fog\u0103dau\u0103 sau Va\u0219cap\u0103u.<\/p>\n<h2>Demografie<\/h2>\n<p>Conform datelor recens\u0103m\u00e2ntului din <a title=\"1930\" href=\"https:\/\/ro.wikipedia.org\/wiki\/1930\">1930<\/a> localitatea Va\u0219cap\u0103u num\u0103ra 448 locuitori, dintre care 419 ortodoc\u0219i, 14 mozaici, 13 reforma\u021bi, 1 greco-catolic \u0219i 1 romano-catolic.<sup id=\"cite_ref-3\"><a href=\"https:\/\/ro.wikipedia.org\/wiki\/Poarta_S%C4%83lajului,_S%C4%83laj#cite_note-3\">[3]<\/a><\/sup><\/p>\n<h3>Educa\u021bie<\/h3>\n<p>\u0218coala confesional\u0103 este semnalat\u0103 la \u00eenceputul sec. al XIX \u2013lea. Primul preot \u0219i \u00eenv\u0103\u021b\u0103tor cunoscut era Ioan Curea, 1866 \u2013 1876, dup\u0103 care a urmat p\u00e2n\u0103 \u00een anul 1909, dasc\u0103lul Ioan Pop. Pu\u021binii elevi ce frecventau \u0219coala, \u00eenv\u0103\u021bau \u00een casele unor localnici, care aveau cel pu\u021bin o camer\u0103 mai spa\u021bioas\u0103 \u0219i o \u00eenchiriau. Actuala cl\u0103dire a fost construit\u0103 \u00eentre anii 1922 \u2013 1924, c\u00e2nd a fost dat\u0103 \u00een folosin\u021b\u0103. C\u00e2te doi &#8211; trei ani, p\u00e2n\u0103 la intrarea \u00een noul local au func\u021bionat: Ferencz Marton, Sebestyen Marton (1917), Simion Cosma \u0219i Traian Donciu. Din 1924 -1926 a fost \u00eenv\u0103\u021b\u0103tor Ioan Maxim \u0219i din 1926 p\u00e2n\u0103 \u00een anul 1940, preotul \u0219i \u00eenv\u0103\u021b\u0103torul Ioan C\u00e2mpean, nevoit s\u0103 se refugieze \u00een 1940 la Bazna, jude\u021bul Sibiu.<\/p>\n<h3>Religie<\/h3>\n<p>Cu hramul Sf\u00e2ntul Ierarh Nicolae, o construc\u021bie din piatr\u0103 \u0219i c\u0103r\u0103mid\u0103, \u00ee\u0219i are ob\u00e2r\u0219ia \u00een dorin\u021ba mai veche a locuitorilor de a construi o biseric\u0103 mai mare, care s\u0103 fie folosit\u0103 \u00een locul bisericu\u021bei de lemn Sfin\u021bii Arhangheli Mihail \u0219i Gavriil, care devenise ne\u00eenc\u0103p\u0103toare. Astfel, \u00een timpul p\u0103storirii preotului Ioan C\u00eempeanu, \u00een anul 1931 au \u00eenceput lucr\u0103rile \u0219i au durat p\u00e2n\u0103 \u00een 1940, c\u00e2nd a fost acoperit\u0103 \u0219i tencuit\u0103 numai \u00een exterior.<\/p>\n<p>Vitregiile vremii au f\u0103cut ca biserica s\u0103 r\u0103m\u00e2n\u0103 \u00een aceast\u0103 stare p\u00e2n\u0103 \u00een anii 1968-1969, \u00een timpul p\u0103storirii p\u0103rintelui Hora\u021biu Alexandru, c\u00e2nd s-a tencuit interiorul, s-au pus geamuri, u\u0219i, catapeteasm\u0103 \u0219i s-a dotat cu cele necesare slujirii.<\/p>\n<p>A fost t\u00e2rnosit\u0103 \u00een 8 septembrie 1969 de c\u0103tre P S Valerian Zaharia. Alte lucr\u0103ri de \u00eentre\u021binere \u0219i \u00eenfrumuse\u021bare au avut loc \u00een anul 1979, c\u00e2nd s-a schimbat acoperi\u0219ul \u00eenlocuindu-se \u021bigla cu tabl\u0103 zincat\u0103 \u0219i s-a tencuit din nou interiorul bisericii; \u00een 1980-1981 s-a pictat biserica de c\u0103tre pictorul prof. Coriolan Munteanu din Cluj Napoca, \u00een tehnica tempera gras\u0103. Lucr\u0103rile de renovare \u0219i \u00eenfrumuse\u021bare au fost binecuv\u00e2ntate \u00een toamna anului 1981, de catre P S Vasile Coman, episcop al Oradiei. \u00cencep\u00e2nd cu vara anului 2001, filia Poarta S\u0103lajului, care apar\u021binea de parohia Rom\u00e2na\u0219i devine parohie, fiind hirotonit \u0219i instalat p\u0103rintele Gabriel G\u00e2rdan de c\u0103tre P S Ioan Mih\u0103l\u021ban, la 5 august 2001. Din 2003 biserica are un sistem modern de \u00eenc\u0103lzire, iar \u00een 2004 s-a renovat exteriorul \u0219i a fost \u00eemprejmuit\u0103 cu un gard nou. \u00cen afara celor de mai sus, amintim \u00een \u0219irul preo\u021bilor slujitori pe Ioan Curea 1866- , Gh. Vlaicu &#8211; , Nicolae Pavel, Eugen Olatu, 1954 &#8211; , Simion Drahnea -, Alexandru Hora\u021biu, 1968 . 1977, Gheorghe Gherman, 1977 \u2013 2001 \u0219i Viorel-Gabriel G\u00e2rdan p\u00e2n\u0103 la sf\u00e2r\u0219itul anului 2009. \u00cencep\u00e2nd cu anul 2010 serviciul religios este oficiat de p\u0103rintele paroh Petru-Marcel \u0218am\u0219odan.<\/p>\n<h4>\u00a0L\u0103ca\u0219uri de cult<\/h4>\n<ul>\n<li><a title=\"Biserica de lemn din Poarta S\u0103lajului\" href=\"https:\/\/ro.wikipedia.org\/wiki\/Biserica_de_lemn_din_Poarta_S%C4%83lajului\">Biserica din lemn \u201eSfin\u021bii Arhangheli\u201d<\/a> (monument istoric)<\/li>\n<li>Biserica ortodox\u0103 \u201eSf\u00e2ntul Nicolae\u201d<\/li>\n<li>Biserica baptist\u0103 \u201eSperan\u021ba\u201d<\/li>\n<\/ul>\n<p>Galerie de imagini<\/p>\n<ul>\n<li>\n<div>\n<div>\n<div><a href=\"https:\/\/ro.wikipedia.org\/wiki\/Fi%C8%99ier:Biserica_de_lemn_din_Poarta_Salajului(10).JPG\"><img loading=\"lazy\" decoding=\"async\" alt=\"Biserica de lemn din Poarta Salajului(10).JPG\" src=\"https:\/\/upload.wikimedia.org\/wikipedia\/commons\/thumb\/f\/f7\/Biserica_de_lemn_din_Poarta_Salajului%2810%29.JPG\/90px-Biserica_de_lemn_din_Poarta_Salajului%2810%29.JPG\" width=\"90\" height=\"120\" \/><\/a><a href=\"https:\/\/ro.wikipedia.org\/wiki\/Fi%C8%99ier:Biserica_de_lemn_din_Poarta_Salajului(9).JPG\"><img loading=\"lazy\" decoding=\"async\" alt=\"Biserica de lemn din Poarta Salajului(9).JPG\" src=\"https:\/\/upload.wikimedia.org\/wikipedia\/commons\/thumb\/c\/c6\/Biserica_de_lemn_din_Poarta_Salajului%289%29.JPG\/120px-Biserica_de_lemn_din_Poarta_Salajului%289%29.JPG\" width=\"120\" height=\"90\" \/><\/a><a href=\"https:\/\/ro.wikipedia.org\/wiki\/Fi%C8%99ier:Biserica_de_lemn_din_Poarta_Salajului(7).JPG\"><img loading=\"lazy\" decoding=\"async\" alt=\"Biserica de lemn din Poarta Salajului(7).JPG\" src=\"https:\/\/upload.wikimedia.org\/wikipedia\/commons\/thumb\/e\/eb\/Biserica_de_lemn_din_Poarta_Salajului%287%29.JPG\/90px-Biserica_de_lemn_din_Poarta_Salajului%287%29.JPG\" width=\"90\" height=\"120\" \/><\/a><a href=\"https:\/\/ro.wikipedia.org\/wiki\/Fi%C8%99ier:Biserica_de_lemn_din_Poarta_Salajului(6).JPG\"><img loading=\"lazy\" decoding=\"async\" alt=\"Biserica de lemn din Poarta Salajului(6).JPG\" src=\"https:\/\/upload.wikimedia.org\/wikipedia\/commons\/thumb\/1\/13\/Biserica_de_lemn_din_Poarta_Salajului%286%29.JPG\/120px-Biserica_de_lemn_din_Poarta_Salajului%286%29.JPG\" width=\"120\" height=\"90\" \/><\/a><\/div>\n<\/div>\n<div>\u00a0<\/div>\n<\/div>\n<\/li>\n<\/ul>\n","protected":false},"excerpt":{"rendered":"<p>Poarta S\u0103lajului, mai demult Va\u0219cap\u0103u (\u00een maghiar\u0103 Vaskapu, \u00een traducere \u201ePoarta de Fier\u201d), este o localitate \u00een jude\u021bul S\u0103laj, Transilvania, Rom\u00e2nia. Geografie \u00a0A\u0219ezare Cu o suprafa\u021b\u0103 de 814,34 hectare, localitatea Poarta S\u0103lajului este a\u0219ezat\u0103 \u00een partea de sud a jude\u021bului S\u0103laj \u0219i face parte din comuna Rom\u00e2na\u0219i, care include \u00een teritoriul s\u0103u administrativ \u0219ase localit\u0103\u021bi: [&hellip;]<\/p>\n","protected":false},"author":1,"featured_media":0,"parent":13,"menu_order":6,"comment_status":"closed","ping_status":"closed","template":"","meta":{"ngg_post_thumbnail":0,"footnotes":""},"class_list":["post-24","page","type-page","status-publish","hentry"],"_links":{"self":[{"href":"https:\/\/www.primariaromanasi.ro\/index.php?rest_route=\/wp\/v2\/pages\/24","targetHints":{"allow":["GET"]}}],"collection":[{"href":"https:\/\/www.primariaromanasi.ro\/index.php?rest_route=\/wp\/v2\/pages"}],"about":[{"href":"https:\/\/www.primariaromanasi.ro\/index.php?rest_route=\/wp\/v2\/types\/page"}],"author":[{"embeddable":true,"href":"https:\/\/www.primariaromanasi.ro\/index.php?rest_route=\/wp\/v2\/users\/1"}],"replies":[{"embeddable":true,"href":"https:\/\/www.primariaromanasi.ro\/index.php?rest_route=%2Fwp%2Fv2%2Fcomments&post=24"}],"version-history":[{"count":4,"href":"https:\/\/www.primariaromanasi.ro\/index.php?rest_route=\/wp\/v2\/pages\/24\/revisions"}],"predecessor-version":[{"id":268,"href":"https:\/\/www.primariaromanasi.ro\/index.php?rest_route=\/wp\/v2\/pages\/24\/revisions\/268"}],"up":[{"embeddable":true,"href":"https:\/\/www.primariaromanasi.ro\/index.php?rest_route=\/wp\/v2\/pages\/13"}],"wp:attachment":[{"href":"https:\/\/www.primariaromanasi.ro\/index.php?rest_route=%2Fwp%2Fv2%2Fmedia&parent=24"}],"curies":[{"name":"wp","href":"https:\/\/api.w.org\/{rel}","templated":true}]}}