{"id":189,"date":"2013-04-03T09:39:29","date_gmt":"2013-04-03T06:39:29","guid":{"rendered":"https:\/\/www.primariaromanasi.ro\/?page_id=189"},"modified":"2026-03-12T07:57:51","modified_gmt":"2026-03-12T05:57:51","slug":"prima-pagina","status":"publish","type":"page","link":"https:\/\/www.primariaromanasi.ro\/","title":{"rendered":"Comuna Rom\u00e2na\u0219i &#8211; Judetul S\u0103laj"},"content":{"rendered":"<p>[vc_row][vc_column]<div class=\"c-tabs PROGRAMAREA FERMIERILOR PENTRU DEPUNEREA CERERILOR DE PLATA PE SUPRAFATACAMPANIA 202\"><div class=\"c-content-box\"><div class=\"tabs-inner\"><ul class=\"tab-list\"><li class=\"tab m-active\"><span class=\"tab-label\">PROGRAMAREA FERMIERILOR PENTRU DEPUNEREA CERERILOR DE PLATA PE SUPRAFATA CAMPANIA 2026<\/span><\/li><li class=\"tab\"><span class=\"tab-label\">\ud83d\uddce Rom\u00e2na\u0219i<\/span><\/li><li class=\"tab\"><span class=\"tab-label\">Poarta S\u0103lajului<\/span><\/li><li class=\"tab\"><span class=\"tab-label\">P\u0103u\u0219a<\/span><\/li><li class=\"tab\"><span class=\"tab-label\">Chichi\u0219a<\/span><\/li><li class=\"tab\"><span class=\"tab-label\">Romita<\/span><\/li><\/ul><ul class=\"content-list\"><li><\/li><li style=\"display: none;\"><p>\ud83d\uddce <a href=\"https:\/\/www.primariaromanasi.ro\/wp-content\/uploads\/ROMANASI-.pdf\">Vizualizare lista ROMANASI<\/a><\/p>\n<\/li><li style=\"display: none;\"><p>\ud83d\uddce <a href=\"https:\/\/www.primariaromanasi.ro\/wp-content\/uploads\/POARTA-SALAJULUI-.pdf\">Vizualizare list\u0103 POARTA SALAJULUI<\/a><\/p>\n<\/li><li style=\"display: none;\"><p>\ud83d\uddce <a href=\"https:\/\/www.primariaromanasi.ro\/wp-content\/uploads\/PAUSA-.pdf\">Vizualizare list\u0103 P\u0102U\u0218A<\/a><\/p>\n<\/li><li style=\"display: none;\"><p>\ud83d\uddce <a href=\"https:\/\/www.primariaromanasi.ro\/wp-content\/uploads\/Chichisa.pdf\">Vizualizare list\u0103 Chichi\u0219a<\/a><\/p>\n<\/li><li style=\"display: none;\"><p>\ud83d\uddce <a href=\"https:\/\/www.primariaromanasi.ro\/wp-content\/uploads\/ROMITA-.pdf\">Vizualizare list\u0103 ROMITA<\/a><\/p>\n<\/li><\/ul><\/div><\/div><\/div><div class=\"c-tabs\"><div class=\"c-content-box\"><div class=\"tabs-inner\"><ul class=\"tab-list\"><\/ul><ul class=\"content-list\"><\/ul><\/div><\/div><\/div>[\/vc_column][\/vc_row][vc_row][vc_column][vc_raw_html]JTNDJTIxRE9DVFlQRSUyMGh0bWwlM0UlMEElM0NodG1sJTIwbGFuZyUzRCUyMnJvJTIyJTNFJTBBJTNDaGVhZCUzRSUwQSUyMCUyMCUzQ21ldGElMjBjaGFyc2V0JTNEJTIyVVRGLTglMjIlM0UlMEElMjAlMjAlM0NtZXRhJTIwbmFtZSUzRCUyMnZpZXdwb3J0JTIyJTIwY29udGVudCUzRCUyMndpZHRoJTNEZGV2aWNlLXdpZHRoJTJDJTIwaW5pdGlhbC1zY2FsZSUzRDEuMCUyMiUzRSUwQSUyMCUyMCUzQ3RpdGxlJTNFTWVuaXUlMjBQcmltJUM0JTgzcmlhJTIwUm9tJUMzJUEybmElQzglOTlpJTNDJTJGdGl0bGUlM0UlMEElMjAlMjAlM0NzdHlsZSUzRSUwQSUyMCUyMCUyMCUyMGJvZHklMjAlN0IlMEElMjAlMjAlMjAlMjAlMjAlMjBmb250LWZhbWlseSUzQSUyMEFyaWFsJTJDJTIwc2Fucy1zZXJpZiUzQiUwQSUyMCUyMCUyMCUyMCUyMCUyMGJhY2tncm91bmQlM0ElMjAlMjNmOWY5ZjklM0IlMEElMjAlMjAlMjAlMjAlMjAlMjBtYXJnaW4lM0ElMjAwJTNCJTBBJTIwJTIwJTIwJTIwJTIwJTIwcGFkZGluZyUzQSUyMDIwcHglM0IlMEElMjAlMjAlMjAlMjAlMjAlMjB0ZXh0LWFsaWduJTNBJTIwY2VudGVyJTNCJTBBJTIwJTIwJTIwJTIwJTdEJTBBJTIwJTIwJTIwJTIwLm1lbnUlMjAlN0IlMEElMjAlMjAlMjAlMjAlMjAlMjBkaXNwbGF5JTNBJTIwZmxleCUzQiUwQSUyMCUyMCUyMCUyMCUyMCUyMGp1c3RpZnktY29udGVudCUzQSUyMGNlbnRlciUzQiUwQSUyMCUyMCUyMCUyMCUyMCUyMGdhcCUzQSUyMDIwcHglM0IlMEElMjAlMjAlMjAlMjAlMjAlMjBmbGV4LXdyYXAlM0ElMjB3cmFwJTNCJTBBJTIwJTIwJTIwJTIwJTIwJTIwbWFyZ2luLXRvcCUzQSUyMDUwcHglM0IlMEElMjAlMjAlMjAlMjAlN0QlMEElMjAlMjAlMjAlMjAuY2FyZCUyMCU3QiUwQSUyMCUyMCUyMCUyMCUyMCUyMGJhY2tncm91bmQlM0ElMjB3aGl0ZSUzQiUwQSUyMCUyMCUyMCUyMCUyMCUyMGJvcmRlci1yYWRpdXMlM0ElMjAxMnB4JTNCJTBBJTIwJTIwJTIwJTIwJTIwJTIwYm94LXNoYWRvdyUzQSUyMDAlMjAycHglMjA2cHglMjByZ2JhJTI4MCUyQzAlMkMwJTJDMC4xJTI5JTNCJTBBJTIwJTIwJTIwJTIwJTIwJTIwcGFkZGluZyUzQSUyMDIwcHglM0IlMEElMjAlMjAlMjAlMjAlMjAlMjB3aWR0aCUzQSUyMDIwMHB4JTNCJTBBJTIwJTIwJTIwJTIwJTIwJTIwdGV4dC1kZWNvcmF0aW9uJTNBJTIwbm9uZSUzQiUwQSUyMCUyMCUyMCUyMCUyMCUyMGNvbG9yJTNBJTIwYmxhY2slM0IlMEElMjAlMjAlMjAlMjAlMjAlMjB0cmFuc2l0aW9uJTNBJTIwdHJhbnNmb3JtJTIwMC4ycyUyQyUyMGJveC1zaGFkb3clMjAwLjJzJTNCJTBBJTIwJTIwJTIwJTIwJTdEJTBBJTIwJTIwJTIwJTIwLmNhcmQlM0Fob3ZlciUyMCU3QiUwQSUyMCUyMCUyMCUyMCUyMCUyMHRyYW5zZm9ybSUzQSUyMHRyYW5zbGF0ZVklMjgtNXB4JTI5JTNCJTBBJTIwJTIwJTIwJTIwJTIwJTIwYm94LXNoYWRvdyUzQSUyMDAlMjA0cHglMjAxMnB4JTIwcmdiYSUyODAlMkMwJTJDMCUyQzAuMiUyOSUzQiUwQSUyMCUyMCUyMCUyMCU3RCUwQSUyMCUyMCUyMCUyMC5jYXJkJTIwaDMlMjAlN0IlMEElMjAlMjAlMjAlMjAlMjAlMjBmb250LXNpemUlM0ElMjAxOHB4JTNCJTBBJTIwJTIwJTIwJTIwJTIwJTIwbWFyZ2luLWJvdHRvbSUzQSUyMDEwcHglM0IlMEElMjAlMjAlMjAlMjAlN0QlMEElMjAlMjAlMjAlMjAuY2FyZCUyMHAlMjAlN0IlMEElMjAlMjAlMjAlMjAlMjAlMjBmb250LXNpemUlM0ElMjAxNHB4JTNCJTBBJTIwJTIwJTIwJTIwJTIwJTIwY29sb3IlM0ElMjAlMjM1NTUlM0IlMEElMjAlMjAlMjAlMjAlN0QlMEElMjAlMjAlMjAlMjAuY2FyZCUyMHNwYW4lMjAlN0IlMEElMjAlMjAlMjAlMjAlMjAlMjBkaXNwbGF5JTNBJTIwYmxvY2slM0IlMEElMjAlMjAlMjAlMjAlMjAlMjBtYXJnaW4tdG9wJTNBJTIwMTBweCUzQiUwQSUyMCUyMCUyMCUyMCUyMCUyMGNvbG9yJTNBJTIwJTIzMmE2ZGY0JTNCJTBBJTIwJTIwJTIwJTIwJTIwJTIwZm9udC13ZWlnaHQlM0ElMjBib2xkJTNCJTBBJTIwJTIwJTIwJTIwJTdEJTBBJTIwJTIwJTNDJTJGc3R5bGUlM0UlMEElM0MlMkZoZWFkJTNFJTBBJTNDYm9keSUzRSUwQSUyMCUyMCUzQ2gxJTNFU2VydmljaWklMjBvbmxpbmUlMjAtJTIwUHJpbSVDNCU4M3JpYSUyMFJvbSVDMyVBMm5hJUM4JTk5aSUzQyUyRmgxJTNFJTBBJTBBJTIwJTIwJTNDZGl2JTIwY2xhc3MlM0QlMjJtZW51JTIyJTNFJTBBJTIwJTIwJTIwJTIwJTNDYSUyMGhyZWYlM0QlMjJodHRwcyUzQSUyRiUyRnJvbWFuYXNpLmNpdHlvbi5ybyUyRkltcG96aXRlVGF4ZUNvbnRyYWN0ZSUyRlBsYXRhRmFyYUF1dGVudGlmaWNhcmUlMjIlMjBjbGFzcyUzRCUyMmNhcmQlMjIlM0UlMEElMjAlMjAlMjAlMjAlMjAlMjAlM0NoMyUzRUltcG96aXRlJTJDJTIwdGF4ZSUyQyUyMGNvbnRyYWN0ZSUzQyUyRmgzJTNFJTBBJTIwJTIwJTIwJTIwJTIwJTIwJTNDcCUzRVBsJUM0JTgzdGUlQzglOTl0ZSUyMGFpY2kuJTNDJTJGcCUzRSUwQSUyMCUyMCUyMCUyMCUyMCUyMCUzQ3NwYW4lM0VBY2Nlc2VheiVDNCU4MyUyMCVFMiU4NiU5MiUzQyUyRnNwYW4lM0UlMEElMjAlMjAlMjAlMjAlM0MlMkZhJTNFJTBBJTBBJTIwJTIwJTIwJTIwJTNDYSUyMGhyZWYlM0QlMjJodHRwcyUzQSUyRiUyRnJvbWFuYXNpLmNpdHlvbi5ybyUyRlJlZ2lzdHJ1bEFncmljb2wlMkZOZWF1dGVudGlmaWNhdCUyMiUyMGNsYXNzJTNEJTIyY2FyZCUyMiUzRSUwQSUyMCUyMCUyMCUyMCUyMCUyMCUzQ2gzJTNFUmVnaXN0cnVsJTIwQWdyaWNvbCUzQyUyRmgzJTNFJTBBJTIwJTIwJTIwJTIwJTIwJTIwJTNDcCUzRVZpenVhbGl6YSVDOCU5QmklMjBkYXRlJTIwZGVzcHJlJTIwZ29zcG9kJUM0JTgzcmlhJTIwZHVtbmVhdm9hc3RyJUM0JTgzLiUzQyUyRnAlM0UlMEElMjAlMjAlMjAlMjAlMjAlMjAlM0NzcGFuJTNFQWNjZXNlYXolQzQlODMlMjAlRTIlODYlOTIlM0MlMkZzcGFuJTNFJTBBJTIwJTIwJTIwJTIwJTNDJTJGYSUzRSUwQSUwQSUyMCUyMCUyMCUyMCUzQ2ElMjBocmVmJTNEJTIyaHR0cHMlM0ElMkYlMkZyb21hbmFzaS5jaXR5b24ucm8lMkZhbWVuemklMjIlMjBjbGFzcyUzRCUyMmNhcmQlMjIlM0UlMEElMjAlMjAlMjAlMjAlMjAlMjAlM0NoMyUzRUFtZW56aSUzQyUyRmgzJTNFJTBBJTIwJTIwJTIwJTIwJTIwJTIwJTNDcCUzRURhYyVDNCU4MyUyMGFpJTIwdnJlbyUyMGFtZW5kJUM0JTgzJTJDJTIwbyUyMHBvJUM4JTlCaSUyMHBsJUM0JTgzdGklMjBjdSUyMHUlQzglOTl1cmluJUM4JTlCJUM0JTgzJTIwYWljaS4lM0MlMkZwJTNFJTBBJTIwJTIwJTIwJTIwJTIwJTIwJTNDc3BhbiUzRUFjY2VzZWF6JUM0JTgzJTIwJUUyJTg2JTkyJTNDJTJGc3BhbiUzRSUwQSUyMCUyMCUyMCUyMCUzQyUyRmElM0UlMEElMEElMjAlMjAlMjAlMjAlM0NhJTIwaHJlZiUzRCUyMmh0dHBzJTNBJTJGJTJGcm9tYW5hc2kuY2l0eW9uLnJvJTJGUGxhdGFEaXZlcnNhJTJGUGxhdGFGYXJhQXV0ZW50aWZpY2FyZVBmJTIyJTIwY2xhc3MlM0QlMjJjYXJkJTIyJTNFJTBBJTIwJTIwJTIwJTIwJTIwJTIwJTNDaDMlM0VQbCVDNCU4MyVDOCU5QmklM0MlMkZoMyUzRSUwQSUyMCUyMCUyMCUyMCUyMCUyMCUzQ3AlM0VQZXJzb2FuJUM0JTgzJTIwZml6aWMlQzQlODMlM0YlMjBQZXJzb2FuJUM0JTgzJTIwanVyaWRpYyVDNCU4MyUzRiUyMEFpY2klMjBwbyVDOCU5QmklMjBmYWNlJTIwcGwlQzQlODMlQzglOUJpJTIwZGl2ZXJzZS4lM0MlMkZwJTNFJTBBJTIwJTIwJTIwJTIwJTIwJTIwJTNDc3BhbiUzRUFjY2VzZWF6JUM0JTgzJTIwJUUyJTg2JTkyJTNDJTJGc3BhbiUzRSUwQSUyMCUyMCUyMCUyMCUzQyUyRmElM0UlMEElMjAlMjAlM0MlMkZkaXYlM0UlMEElM0MlMkZib2R5JTNFJTBBJTNDJTJGaHRtbCUzRSUwQQ==[\/vc_raw_html][vc_single_image image=&#8221;1363&#8243; img_size=&#8221;large&#8221; alignment=&#8221;center&#8221; onclick=&#8221;custom_link&#8221; img_link_target=&#8221;_blank&#8221; link=&#8221;https:\/\/www.primariaromanasi.ro\/wp-content\/uploads\/anunt-2.pdf&#8221;][vc_custom_heading text=&#8221;CONSULTARE ASUPRA PROPUNERILOR PRELIMINARE PLAN URBANISTIC GENERAL AL COMUNEI ROM\u00c2NA\u0218I<br \/>\n\ud83c\udfd9\ufe0f&#8221; font_container=&#8221;tag:h2|text_align:center|color:%23ffffff&#8221; use_theme_fonts=&#8221;yes&#8221; link=&#8221;url:https%3A%2F%2Fwww.primariaromanasi.ro%2F%3Fp%3D1284|title:CONSULTARE%20ASUPRA%20PROPUNERILOR%20PRELIMINARE%20PLAN%20URBANISTIC%20GENERAL%20AL%20COMUNEI%20ROM%C3%82NA%C8%98I|target:%20_blank|&#8221; css=&#8221;.vc_custom_1751960170763{background-color: #dd3333 !important;}&#8221; el_id=&#8221;<!-- Fundal cerc --> <!-- Cl\u0103diri --> <!-- Ceas -->&#8220;][vc_single_image image=&#8221;1324&#8243; img_size=&#8221;large&#8221; alignment=&#8221;center&#8221; onclick=&#8221;custom_link&#8221; img_link_target=&#8221;_blank&#8221; link=&#8221;https:\/\/www.primariaromanasi.ro\/?p=1284&#8243;]<hr class=\"c-separator m-default m-margin-top-medium m-margin-bottom-medium\">[vc_custom_heading text=&#8221;COMUNICATE DE PRESA -\u201cPNRR: Fonduri pentru Rom\u00e2nia modern\u0103 \u0219i reformat\u0103!&#8221; font_container=&#8221;tag:h3|text_align:center|color:%23ffffff&#8221; css=&#8221;.vc_custom_1719865789091{background-color: #dd3333 !important;}&#8221; link=&#8221;url:https%3A%2F%2Fwww.primariaromanasi.ro%2Fwp-content%2Fuploads%2FSKMBT_C25323051211310.pdf||target:%20_blank|&#8221;][vc_wp_text]<\/p>\n<ul>\n<li><a href=\"https:\/\/www.primariaromanasi.ro\/wp-content\/uploads\/Comunicat-presa-C12.pdf\">Comunicat presa C12-\u00ceNFIIN\u021aARE CENTRU<br \/>\nCOMUNITAR INTEGRAT \u00ceN COMUNA ROM\u00c2NA\u0218I, JUDE\u021aUL S\u0102LAJ\u201d,<\/a><\/li>\n<li><a href=\"https:\/\/www.primariaromanasi.ro\/wp-content\/uploads\/Comunicat-presa-C15.pdf\">Comunicat presa C15 &#8211; \u201eDOTAREA CU MOBILIER,<br \/>\nMATERIALE DIDACTICE \u0218I ECHIPAMENTE DIGITALE A \u0218COLII GIMNAZIALE NR. 1 ROM\u00c2NA\u0218I<\/a><\/li>\n<\/ul>\n<p>[\/vc_wp_text][\/vc_column][\/vc_row][vc_row][vc_column width=&#8221;1\/2&#8243;]<hr class=\"c-separator m-default m-margin-top-large m-margin-bottom-large\">[\/vc_column][vc_column width=&#8221;1\/2&#8243;][\/vc_column][\/vc_row][vc_row][vc_column][vc_custom_heading text=&#8221;Declansare proceduri de expropriere &#8211; obiectiv de investitii de interes national &#8220;Autostrada Brasov &#8211; Oradea&#8220;&#8221; font_container=&#8221;tag:h3|text_align:center|color:%23ffffff&#8221; css=&#8221;.vc_custom_1704697333860{background-color: #dd3333 !important;}&#8221; link=&#8221;url:https%3A%2F%2Fwww.primariaromanasi.ro%2Fwp-content%2Fuploads%2FSKMBT_C25323051211310.pdf||target:%20_blank|&#8221;][vc_wp_text]<\/p>\n<h3 style=\"text-align: center;\"><a href=\"https:\/\/www.primariaromanasi.ro\/wp-content\/uploads\/hg-expropriere.pdf\">Hot\u0103r\u00e2rea de Guvern nr. 1299\/2023 din 22.12.2023<\/a><\/h3>\n<p>[\/vc_wp_text][vc_wp_text]<\/p>\n<h3 style=\"text-align: center;\"><a href=\"https:\/\/www.primariaromanasi.ro\/wp-content\/uploads\/SKMBT_C20323082107270.pdf\"> HOT\u0102R\u00c2REA DE GUVERN nr. 656\/2023 din 06.08.2023<\/a><\/h3>\n<p>[\/vc_wp_text]<hr class=\"c-separator m-default m-margin-top-medium m-margin-bottom-medium\">[vc_custom_heading text=&#8221;Anunt incepere proiect statii electrice&#8221; font_container=&#8221;tag:h3|text_align:center|color:%23ffffff&#8221; css=&#8221;.vc_custom_1697611449987{background-color: #dd3333 !important;}&#8221; link=&#8221;url:https%3A%2F%2Fwww.primariaromanasi.ro%2Fwp-content%2Fuploads%2FSKMBT_C25323051211310.pdf||target:%20_blank|&#8221;][vc_single_image image=&#8221;1166&#8243; img_size=&#8221;600&#215;450&#8243; alignment=&#8221;center&#8221; onclick=&#8221;custom_link&#8221; img_link_target=&#8221;_blank&#8221; link=&#8221;https:\/\/www.primariaromanasi.ro\/wp-content\/uploads\/Anunt-incepere-proiect-statii-electrice.pdf&#8221;]<hr class=\"c-separator m-default m-margin-top-medium m-margin-bottom-medium\">[vc_custom_heading text=&#8221;Primaria Comunei Romanasi&#8221; font_container=&#8221;tag:h3|text_align:center|color:%23ffffff&#8221; css=&#8221;.vc_custom_1630000043875{background-color: #dd3333 !important;}&#8221; link=&#8221;url:https%3A%2F%2Fprimariaromanasi.ro%2Fcomunicat.pdf||target:%20_blank|&#8221;]<hr class=\"c-separator m-default m-margin-top-medium m-margin-bottom-medium\"><p><a href=\"https:\/\/www.primariaromanasi.ro\/?p=1109\" class=\"c-button m-outline\">PRECIZ\u0102RI REFERITOARE LA DECLARAREA FOSELOR SEPTICE CONFORM HG NR. 714 DIN 2022<\/a><\/p>\n[vc_wp_text]<\/p>\n<p data-wahfont=\"16\"><a href=\"https:\/\/www.primariaromanasi.ro\/wp-content\/uploads\/logo_romanasi-e1574929009780.png\"><img loading=\"lazy\" decoding=\"async\" class=\"size-thumbnail wp-image-674 alignleft\" src=\"https:\/\/www.primariaromanasi.ro\/wp-content\/uploads\/logo_romanasi-137x150.png\" alt=\"\" width=\"137\" height=\"150\"><\/a>Prim\u0103ria comunei Romanasi &nbsp;v\u0103 aduce la cuno\u0219tin\u021b\u0103 faptul c\u0103 prin apari\u021bia H.G. nr. 714\/2022 s-a stabilit obligativitatea ca autorit\u0103\u0163ile publice locale s\u0103 \u00eenfiin\u0163eze \u015fi s\u0103 \u00eentre\u0163in\u0103 un registru de eviden\u0163\u0103 a sistemelor individuale adecvate de colectare \u015fi epurare a apelor uzate dintr-o unitate administrativ-teritorial\u0103.<\/p>\n<p data-wahfont=\"16\"><strong>Astfel persoanele fizice \u015fi juridice au obligatia de a declara la Prim\u0103rie sistemele individuale autorizate pentru colectarea \u015fi epurarea apelor uzate.<\/strong><\/p>\n<p><a href=\"https:\/\/www.primariaromanasi.ro\/?p=1109\/\">&#8230;citeste mai mult<\/a>[\/vc_wp_text]<hr class=\"c-separator m-default m-margin-top-medium m-margin-bottom-medium\">[\/vc_column][\/vc_row][vc_row][vc_column]<hr class=\"c-separator m-default m-margin-top-medium m-margin-bottom-medium\">[\/vc_column][\/vc_row][vc_row][vc_column]<hr class=\"c-separator m-default m-margin-top-medium m-margin-bottom-medium\"><hr class=\"c-separator m-default m-margin-top-medium m-margin-bottom-medium\">[vc_custom_heading text=&#8221;Comuna Romanasi intentioneaza sa achizitioneze servicii de paza,, prevazute in Anexa 2, in baza art.68, alin.(1), litera h si a art. 111, alin. (1) din Legea 98\/2016 privind achizitiile publice, conform procedurii proprii privind atribuirea contractelor de achizitii publice pentru servicii ale caror coduri CPV se regasesc in Anexa 2.&#8221; font_container=&#8221;tag:h3|text_align:center|color:%23ffffff&#8221; css=&#8221;.vc_custom_1639507405247{background-color: #dd3333 !important;}&#8221;]<hr class=\"c-separator m-default m-margin-top-medium m-margin-bottom-medium\"><div class=\"c-tabs\"><div class=\"c-content-box\"><div class=\"tabs-inner\"><ul class=\"tab-list\"><li class=\"tab m-active\"><span class=\"tab-label\">Anunt de participare<\/span><\/li><li class=\"tab\"><span class=\"tab-label\">Caiet de sarcini<\/span><\/li><li class=\"tab\"><span class=\"tab-label\">Fise de date instructiuni ofertanti<\/span><\/li><li class=\"tab\"><span class=\"tab-label\">Model contract prestari servicii<\/span><\/li><li class=\"tab\"><span class=\"tab-label\">Strategia de contractare<\/span><\/li><li class=\"tab\"><span class=\"tab-label\">Formulare<\/span><\/li><\/ul><ul class=\"content-list\"><li><p><a href=\"https:\/\/www.primariaromanasi.ro\/wp-content\/uploads\/Anunt-de-participare.pdf\">Pentru vizualizare click pe : Detalii<\/a><\/p>\n<\/li><li style=\"display: none;\"><p style=\"text-align: center;\"><a href=\"https:\/\/www.primariaromanasi.ro\/wp-content\/uploads\/Caiet-de-sarcini.pdf\">Pentru vizualizare click pe : Detalii<\/a><\/p>\n<\/li><li style=\"display: none;\"><p style=\"text-align: center;\"><a href=\"https:\/\/www.primariaromanasi.ro\/wp-content\/uploads\/Fisa-de-date-instructiuni-ofertanti.pdf\">Pentru vizualizare click pe : Detalii<\/a><\/p>\n<\/li><li style=\"display: none;\"><p style=\"text-align: center;\"><a href=\"https:\/\/www.primariaromanasi.ro\/wp-content\/uploads\/Model-contract-prestari-servicii.pdf\">Pentru vizualizare click pe : Detalii<\/a><\/p>\n<\/li><li style=\"display: none;\"><p style=\"text-align: center;\"><a href=\"https:\/\/www.primariaromanasi.ro\/wp-content\/uploads\/Strategia-de-contractare-.pdf\">Strategia de contractare -pdf format<\/a><\/p>\n<\/li><li style=\"display: none;\"><p><a href=\"https:\/\/www.primariaromanasi.ro\/wp-content\/uploads\/formulare-caiet-de-sarcini-servicii-paza-2021-2.doc\">formulare-caiet-de-sarcini-servicii-paza-2021- documente editabile<\/a><\/p>\n<\/li><\/ul><\/div><\/div><\/div>[\/vc_column][\/vc_row][vc_row][vc_column][vc_custom_heading text=&#8221;Hotararea nr. 17\/2021&#8243; font_container=&#8221;tag:h3|text_align:center|color:%23ffffff&#8221; css=&#8221;.vc_custom_1614838848640{background-color: #dd3333 !important;}&#8221;][vc_wp_text]<\/p>\n<p style=\"text-align: center;\"><a href=\"https:\/\/www.primariaromanasi.ro\/wp-content\/uploads\/SKMBT_C25321032714190.pdf\" target=\"_blank\" rel=\"noopener\">Hotararea nr.17 din 23.02.2021 privind stabilirea si sanctionarea faptelor care constitue contraventii in domeniul edilitar-gospodaresc, ordinii, curateniei si igienei publice, a circulatiei rutiere in comuna Romanasi<\/a><\/p>\n<p>[\/vc_wp_text]<hr class=\"c-separator m-default m-margin-top-medium m-margin-bottom-medium\">[vc_custom_heading text=&#8221;INFORMARE PENTRU CETATENI&#8221; font_container=&#8221;tag:h3|text_align:center|color:%23ffffff&#8221; css=&#8221;.vc_custom_1599318762275{background-color: #dd3333 !important;}&#8221;][\/vc_column][\/vc_row][vc_row][vc_column width=&#8221;1\/3&#8243;][vc_wp_text]<\/p>\n<hr>\n<p>&nbsp;[\/vc_wp_text][vc_wp_text]<\/p>\n<h3 style=\"text-align: center;\"><a href=\"https:\/\/www.primariaromanasi.ro\/?page_id=844\" target=\"_blank\" rel=\"noopener noreferrer\">Programul national de cadastru si carte funciara<\/a><\/h3>\n<p>[\/vc_wp_text][\/vc_column][vc_column width=&#8221;1\/3&#8243;]<img decoding=\"async\" src=\"https:\/\/www.primariaromanasi.ro\/wp-content\/uploads\/info.png\" class=\"\"  alt=\"\">[\/vc_column][vc_column width=&#8221;1\/3&#8243;][vc_wp_text]<\/p>\n<hr>\n<p>&nbsp;[\/vc_wp_text][vc_wp_text]<\/p>\n<h3 style=\"text-align: center;\"><a href=\"https:\/\/primariaromanasi.ro\/program colectare deseuri.jpg\" target=\"_blank\" rel=\"noopener noreferrer\">Program de colectare deseuri menajere 2021<\/a><\/h3>\n<p>[\/vc_wp_text][\/vc_column][\/vc_row][vc_row][\/vc_row][vc_row][vc_column][vc_wp_text]<\/p>\n<p><strong>Rom\u00e2na\u0219i<\/strong>, mai demult&nbsp;<em>Ungura\u0219<\/em>, (\u00een&nbsp;maghiar\u0103&nbsp;<em>Als\u00f3egregy<\/em>, \u00een trad. &#8220;Agri\u0219u de Jos&#8221;, vezi \u0219i&nbsp;Agri\u0219u de Sus) este o localitate \u00een&nbsp;jude\u021bul S\u0103laj,&nbsp;Transilvania,&nbsp;Rom\u00e2nia. Este re\u0219edin\u021ba&nbsp;comunei&nbsp;<strong>Rom\u00e2na\u0219i<\/strong>.[\/vc_wp_text][\/vc_column][\/vc_row][vc_column][vc_custom_heading text=&#8221;Taxe si Impozite&#8221; font_container=&#8221;tag:h3|text_align:center|color:%23ffffff&#8221; css=&#8221;.vc_custom_1599318865173{background-color: #dd3333 !important;}&#8221;][\/vc_column][vc_column_text]<\/p>\n<p style=\"text-align: center;\"><strong><a href=\"https:\/\/primariaromanasi.ro\/taxe si impozite\/hcl 70.pdf\" target=\"_blank\" rel=\"noopener noreferrer\">HCL 70 din 14.12.2018<\/a><\/strong><\/p>\n<p align=\"CENTER\"><strong><a href=\"https:\/\/primariaromanasi.ro\/taxe si impozite\/hcl 70.pdf\" target=\"_blank\" rel=\"noopener noreferrer\">privind stabilirea impozitelor \u015fi taxelor locale pentru anul 2019<\/a>,<\/strong><\/p>\n<p align=\"CENTER\"><strong>a tarifelor \u015fi chiriilor pentru administrarea bunurilor ce apar\u0163in<\/strong><\/p>\n<p align=\"CENTER\"><strong>domeniului public \u015fi privat al comunei Rom\u00e2na\u015fi<\/strong><\/p>\n<p>&nbsp;[\/vc_column_text][vc_wp_text][\/vc_wp_text]<\/p>\n","protected":false},"excerpt":{"rendered":"<p>[vc_row][vc_column][\/vc_column][\/vc_row][vc_row][vc_column][vc_raw_html]JTNDJTIxRE9DVFlQRSUyMGh0bWwlM0UlMEElM0NodG1sJTIwbGFuZyUzRCUyMnJvJTIyJTNFJTBBJTNDaGVhZCUzRSUwQSUyMCUyMCUzQ21ldGElMjBjaGFyc2V0JTNEJTIyVVRGLTglMjIlM0UlMEElMjAlMjAlM0NtZXRhJTIwbmFtZSUzRCUyMnZpZXdwb3J0JTIyJTIwY29udGVudCUzRCUyMndpZHRoJTNEZGV2aWNlLXdpZHRoJTJDJTIwaW5pdGlhbC1zY2FsZSUzRDEuMCUyMiUzRSUwQSUyMCUyMCUzQ3RpdGxlJTNFTWVuaXUlMjBQcmltJUM0JTgzcmlhJTIwUm9tJUMzJUEybmElQzglOTlpJTNDJTJGdGl0bGUlM0UlMEElMjAlMjAlM0NzdHlsZSUzRSUwQSUyMCUyMCUyMCUyMGJvZHklMjAlN0IlMEElMjAlMjAlMjAlMjAlMjAlMjBmb250LWZhbWlseSUzQSUyMEFyaWFsJTJDJTIwc2Fucy1zZXJpZiUzQiUwQSUyMCUyMCUyMCUyMCUyMCUyMGJhY2tncm91bmQlM0ElMjAlMjNmOWY5ZjklM0IlMEElMjAlMjAlMjAlMjAlMjAlMjBtYXJnaW4lM0ElMjAwJTNCJTBBJTIwJTIwJTIwJTIwJTIwJTIwcGFkZGluZyUzQSUyMDIwcHglM0IlMEElMjAlMjAlMjAlMjAlMjAlMjB0ZXh0LWFsaWduJTNBJTIwY2VudGVyJTNCJTBBJTIwJTIwJTIwJTIwJTdEJTBBJTIwJTIwJTIwJTIwLm1lbnUlMjAlN0IlMEElMjAlMjAlMjAlMjAlMjAlMjBkaXNwbGF5JTNBJTIwZmxleCUzQiUwQSUyMCUyMCUyMCUyMCUyMCUyMGp1c3RpZnktY29udGVudCUzQSUyMGNlbnRlciUzQiUwQSUyMCUyMCUyMCUyMCUyMCUyMGdhcCUzQSUyMDIwcHglM0IlMEElMjAlMjAlMjAlMjAlMjAlMjBmbGV4LXdyYXAlM0ElMjB3cmFwJTNCJTBBJTIwJTIwJTIwJTIwJTIwJTIwbWFyZ2luLXRvcCUzQSUyMDUwcHglM0IlMEElMjAlMjAlMjAlMjAlN0QlMEElMjAlMjAlMjAlMjAuY2FyZCUyMCU3QiUwQSUyMCUyMCUyMCUyMCUyMCUyMGJhY2tncm91bmQlM0ElMjB3aGl0ZSUzQiUwQSUyMCUyMCUyMCUyMCUyMCUyMGJvcmRlci1yYWRpdXMlM0ElMjAxMnB4JTNCJTBBJTIwJTIwJTIwJTIwJTIwJTIwYm94LXNoYWRvdyUzQSUyMDAlMjAycHglMjA2cHglMjByZ2JhJTI4MCUyQzAlMkMwJTJDMC4xJTI5JTNCJTBBJTIwJTIwJTIwJTIwJTIwJTIwcGFkZGluZyUzQSUyMDIwcHglM0IlMEElMjAlMjAlMjAlMjAlMjAlMjB3aWR0aCUzQSUyMDIwMHB4JTNCJTBBJTIwJTIwJTIwJTIwJTIwJTIwdGV4dC1kZWNvcmF0aW9uJTNBJTIwbm9uZSUzQiUwQSUyMCUyMCUyMCUyMCUyMCUyMGNvbG9yJTNBJTIwYmxhY2slM0IlMEElMjAlMjAlMjAlMjAlMjAlMjB0cmFuc2l0aW9uJTNBJTIwdHJhbnNmb3JtJTIwMC4ycyUyQyUyMGJveC1zaGFkb3clMjAwLjJzJTNCJTBBJTIwJTIwJTIwJTIwJTdEJTBBJTIwJTIwJTIwJTIwLmNhcmQlM0Fob3ZlciUyMCU3QiUwQSUyMCUyMCUyMCUyMCUyMCUyMHRyYW5zZm9ybSUzQSUyMHRyYW5zbGF0ZVklMjgtNXB4JTI5JTNCJTBBJTIwJTIwJTIwJTIwJTIwJTIwYm94LXNoYWRvdyUzQSUyMDAlMjA0cHglMjAxMnB4JTIwcmdiYSUyODAlMkMwJTJDMCUyQzAuMiUyOSUzQiUwQSUyMCUyMCUyMCUyMCU3RCUwQSUyMCUyMCUyMCUyMC5jYXJkJTIwaDMlMjAlN0IlMEElMjAlMjAlMjAlMjAlMjAlMjBmb250LXNpemUlM0ElMjAxOHB4JTNCJTBBJTIwJTIwJTIwJTIwJTIwJTIwbWFyZ2luLWJvdHRvbSUzQSUyMDEwcHglM0IlMEElMjAlMjAlMjAlMjAlN0QlMEElMjAlMjAlMjAlMjAuY2FyZCUyMHAlMjAlN0IlMEElMjAlMjAlMjAlMjAlMjAlMjBmb250LXNpemUlM0ElMjAxNHB4JTNCJTBBJTIwJTIwJTIwJTIwJTIwJTIwY29sb3IlM0ElMjAlMjM1NTUlM0IlMEElMjAlMjAlMjAlMjAlN0QlMEElMjAlMjAlMjAlMjAuY2FyZCUyMHNwYW4lMjAlN0IlMEElMjAlMjAlMjAlMjAlMjAlMjBkaXNwbGF5JTNBJTIwYmxvY2slM0IlMEElMjAlMjAlMjAlMjAlMjAlMjBtYXJnaW4tdG9wJTNBJTIwMTBweCUzQiUwQSUyMCUyMCUyMCUyMCUyMCUyMGNvbG9yJTNBJTIwJTIzMmE2ZGY0JTNCJTBBJTIwJTIwJTIwJTIwJTIwJTIwZm9udC13ZWlnaHQlM0ElMjBib2xkJTNCJTBBJTIwJTIwJTIwJTIwJTdEJTBBJTIwJTIwJTNDJTJGc3R5bGUlM0UlMEElM0MlMkZoZWFkJTNFJTBBJTNDYm9keSUzRSUwQSUyMCUyMCUzQ2gxJTNFU2VydmljaWklMjBvbmxpbmUlMjAtJTIwUHJpbSVDNCU4M3JpYSUyMFJvbSVDMyVBMm5hJUM4JTk5aSUzQyUyRmgxJTNFJTBBJTBBJTIwJTIwJTNDZGl2JTIwY2xhc3MlM0QlMjJtZW51JTIyJTNFJTBBJTIwJTIwJTIwJTIwJTNDYSUyMGhyZWYlM0QlMjJodHRwcyUzQSUyRiUyRnJvbWFuYXNpLmNpdHlvbi5ybyUyRkltcG96aXRlVGF4ZUNvbnRyYWN0ZSUyRlBsYXRhRmFyYUF1dGVudGlmaWNhcmUlMjIlMjBjbGFzcyUzRCUyMmNhcmQlMjIlM0UlMEElMjAlMjAlMjAlMjAlMjAlMjAlM0NoMyUzRUltcG96aXRlJTJDJTIwdGF4ZSUyQyUyMGNvbnRyYWN0ZSUzQyUyRmgzJTNFJTBBJTIwJTIwJTIwJTIwJTIwJTIwJTNDcCUzRVBsJUM0JTgzdGUlQzglOTl0ZSUyMGFpY2kuJTNDJTJGcCUzRSUwQSUyMCUyMCUyMCUyMCUyMCUyMCUzQ3NwYW4lM0VBY2Nlc2VheiVDNCU4MyUyMCVFMiU4NiU5MiUzQyUyRnNwYW4lM0UlMEElMjAlMjAlMjAlMjAlM0MlMkZhJTNFJTBBJTBBJTIwJTIwJTIwJTIwJTNDYSUyMGhyZWYlM0QlMjJodHRwcyUzQSUyRiUyRnJvbWFuYXNpLmNpdHlvbi5ybyUyRlJlZ2lzdHJ1bEFncmljb2wlMkZOZWF1dGVudGlmaWNhdCUyMiUyMGNsYXNzJTNEJTIyY2FyZCUyMiUzRSUwQSUyMCUyMCUyMCUyMCUyMCUyMCUzQ2gzJTNFUmVnaXN0cnVsJTIwQWdyaWNvbCUzQyUyRmgzJTNFJTBBJTIwJTIwJTIwJTIwJTIwJTIwJTNDcCUzRVZpenVhbGl6YSVDOCU5QmklMjBkYXRlJTIwZGVzcHJlJTIwZ29zcG9kJUM0JTgzcmlhJTIwZHVtbmVhdm9hc3RyJUM0JTgzLiUzQyUyRnAlM0UlMEElMjAlMjAlMjAlMjAlMjAlMjAlM0NzcGFuJTNFQWNjZXNlYXolQzQlODMlMjAlRTIlODYlOTIlM0MlMkZzcGFuJTNFJTBBJTIwJTIwJTIwJTIwJTNDJTJGYSUzRSUwQSUwQSUyMCUyMCUyMCUyMCUzQ2ElMjBocmVmJTNEJTIyaHR0cHMlM0ElMkYlMkZyb21hbmFzaS5jaXR5b24ucm8lMkZhbWVuemklMjIlMjBjbGFzcyUzRCUyMmNhcmQlMjIlM0UlMEElMjAlMjAlMjAlMjAlMjAlMjAlM0NoMyUzRUFtZW56aSUzQyUyRmgzJTNFJTBBJTIwJTIwJTIwJTIwJTIwJTIwJTNDcCUzRURhYyVDNCU4MyUyMGFpJTIwdnJlbyUyMGFtZW5kJUM0JTgzJTJDJTIwbyUyMHBvJUM4JTlCaSUyMHBsJUM0JTgzdGklMjBjdSUyMHUlQzglOTl1cmluJUM4JTlCJUM0JTgzJTIwYWljaS4lM0MlMkZwJTNFJTBBJTIwJTIwJTIwJTIwJTIwJTIwJTNDc3BhbiUzRUFjY2VzZWF6JUM0JTgzJTIwJUUyJTg2JTkyJTNDJTJGc3BhbiUzRSUwQSUyMCUyMCUyMCUyMCUzQyUyRmElM0UlMEElMEElMjAlMjAlMjAlMjAlM0NhJTIwaHJlZiUzRCUyMmh0dHBzJTNBJTJGJTJGcm9tYW5hc2kuY2l0eW9uLnJvJTJGUGxhdGFEaXZlcnNhJTJGUGxhdGFGYXJhQXV0ZW50aWZpY2FyZVBmJTIyJTIwY2xhc3MlM0QlMjJjYXJkJTIyJTNFJTBBJTIwJTIwJTIwJTIwJTIwJTIwJTNDaDMlM0VQbCVDNCU4MyVDOCU5QmklM0MlMkZoMyUzRSUwQSUyMCUyMCUyMCUyMCUyMCUyMCUzQ3AlM0VQZXJzb2FuJUM0JTgzJTIwZml6aWMlQzQlODMlM0YlMjBQZXJzb2FuJUM0JTgzJTIwanVyaWRpYyVDNCU4MyUzRiUyMEFpY2klMjBwbyVDOCU5QmklMjBmYWNlJTIwcGwlQzQlODMlQzglOUJpJTIwZGl2ZXJzZS4lM0MlMkZwJTNFJTBBJTIwJTIwJTIwJTIwJTIwJTIwJTNDc3BhbiUzRUFjY2VzZWF6JUM0JTgzJTIwJUUyJTg2JTkyJTNDJTJGc3BhbiUzRSUwQSUyMCUyMCUyMCUyMCUzQyUyRmElM0UlMEElMjAlMjAlM0MlMkZkaXYlM0UlMEElM0MlMkZib2R5JTNFJTBBJTNDJTJGaHRtbCUzRSUwQQ==[\/vc_raw_html][vc_single_image image=&#8221;1363&#8243; img_size=&#8221;large&#8221; alignment=&#8221;center&#8221; onclick=&#8221;custom_link&#8221; img_link_target=&#8221;_blank&#8221; link=&#8221;https:\/\/www.primariaromanasi.ro\/wp-content\/uploads\/anunt-2.pdf&#8221;][vc_custom_heading text=&#8221;CONSULTARE ASUPRA PROPUNERILOR PRELIMINARE PLAN URBANISTIC GENERAL AL COMUNEI ROM\u00c2NA\u0218I \ud83c\udfd9\ufe0f&#8221; font_container=&#8221;tag:h2|text_align:center|color:%23ffffff&#8221; use_theme_fonts=&#8221;yes&#8221; link=&#8221;url:https%3A%2F%2Fwww.primariaromanasi.ro%2F%3Fp%3D1284|title:CONSULTARE%20ASUPRA%20PROPUNERILOR%20PRELIMINARE%20PLAN%20URBANISTIC%20GENERAL%20AL%20COMUNEI%20ROM%C3%82NA%C8%98I|target:%20_blank|&#8221; css=&#8221;.vc_custom_1751960170763{background-color: #dd3333 !important;}&#8221; el_id=&#8221; &#8220;][vc_single_image image=&#8221;1324&#8243; img_size=&#8221;large&#8221; alignment=&#8221;center&#8221; onclick=&#8221;custom_link&#8221; img_link_target=&#8221;_blank&#8221; link=&#8221;https:\/\/www.primariaromanasi.ro\/?p=1284&#8243;][vc_custom_heading text=&#8221;COMUNICATE DE PRESA -\u201cPNRR: Fonduri pentru Rom\u00e2nia modern\u0103 \u0219i reformat\u0103!&#8221; font_container=&#8221;tag:h3|text_align:center|color:%23ffffff&#8221; css=&#8221;.vc_custom_1719865789091{background-color: #dd3333 !important;}&#8221; link=&#8221;url:https%3A%2F%2Fwww.primariaromanasi.ro%2Fwp-content%2Fuploads%2FSKMBT_C25323051211310.pdf||target:%20_blank|&#8221;][vc_wp_text] Comunicat presa C12-\u00ceNFIIN\u021aARE CENTRU COMUNITAR INTEGRAT \u00ceN COMUNA [&hellip;]<\/p>\n","protected":false},"author":1,"featured_media":0,"parent":0,"menu_order":0,"comment_status":"closed","ping_status":"closed","template":"","meta":{"ngg_post_thumbnail":0,"footnotes":""},"class_list":["post-189","page","type-page","status-publish","hentry"],"_links":{"self":[{"href":"https:\/\/www.primariaromanasi.ro\/index.php?rest_route=\/wp\/v2\/pages\/189","targetHints":{"allow":["GET"]}}],"collection":[{"href":"https:\/\/www.primariaromanasi.ro\/index.php?rest_route=\/wp\/v2\/pages"}],"about":[{"href":"https:\/\/www.primariaromanasi.ro\/index.php?rest_route=\/wp\/v2\/types\/page"}],"author":[{"embeddable":true,"href":"https:\/\/www.primariaromanasi.ro\/index.php?rest_route=\/wp\/v2\/users\/1"}],"replies":[{"embeddable":true,"href":"https:\/\/www.primariaromanasi.ro\/index.php?rest_route=%2Fwp%2Fv2%2Fcomments&post=189"}],"version-history":[{"count":413,"href":"https:\/\/www.primariaromanasi.ro\/index.php?rest_route=\/wp\/v2\/pages\/189\/revisions"}],"predecessor-version":[{"id":1445,"href":"https:\/\/www.primariaromanasi.ro\/index.php?rest_route=\/wp\/v2\/pages\/189\/revisions\/1445"}],"wp:attachment":[{"href":"https:\/\/www.primariaromanasi.ro\/index.php?rest_route=%2Fwp%2Fv2%2Fmedia&parent=189"}],"curies":[{"name":"wp","href":"https:\/\/api.w.org\/{rel}","templated":true}]}}